{"id":584,"date":"2024-01-25T12:53:10","date_gmt":"2024-01-25T11:53:10","guid":{"rendered":"https:\/\/chatwithathletes.com\/?page_id=584"},"modified":"2024-02-08T15:44:29","modified_gmt":"2024-02-08T14:44:29","slug":"podcast","status":"publish","type":"page","link":"https:\/\/chatwithathletes.com\/en\/podcast\/","title":{"rendered":"EPISODES"},"content":{"rendered":"<p><section class=\"commonSection visual-episodios tam-img\"  style=\"padding-top: 20px; padding-bottom: 20px; background-color: #ffffff\">\r\n                    <div class=\"fw-container\">\r\n        <div class=\"fw-row\">\n\t<div class=\"fw-col-xs-12 fw-col-lg-4 text-right\" style=\"\" >\r\n    <div class=\"ImgDiv text-center\"><img decoding=\"async\" src=\"\/\/chatwithathletes.com\/wp-content\/uploads\/2024\/01\/Episodio-6-Julian-Tellez.jpg\" alt=\"\/\/chatwithathletes.com\/wp-content\/uploads\/2024\/01\/Episodio-6-Julian-Tellez.jpg\" style=\"\" \/><\/div><\/div><div class=\"fw-col-xs-12 fw-col-lg-8 text-left\" style=\"\" >\r\n    <p class=\"commonBlock font-normal text-left\" style=\"font-weight: 300; padding-right: 10px; padding-left: 5px; margin-top: 10px; margin-bottom: 0px; \">\r\n    <a href=\"https:\/\/chatwithathletes.com\/en\/episodio-6-julian-tellez\/\" target=\"_blank\"><h3 style=\"color:#34313f\"><u>Juli\u00e1n T\u00e9llez<\/u><\/h3><\/a>\nFor today's episode, our guest is Juli\u00e1n T\u00e9llez, known in the football world as 'El Matador'\nT\u00e9llez. Juli\u00e1n needs no introduction; he was a goal scorer...<\/p><div class=\"sharpshotDevider clearfix\" style=\"background: #ffffff; height: 10px; \"><\/div><\/div><\/div>\n\n<div class=\"fw-row\">\n\t<div class=\"fw-col-xs-12 fw-col-lg-10 text-left\" style=\"\" >\r\n    <div class=\"sharpshotDevider clearfix\" style=\"background: #ebebeb; height: 1px; margin-top: 10px; margin-bottom: 10px; \"><\/div><\/div><\/div>\n\n    <\/div>\r\n<\/section><section class=\"commonSection visual-episodios tam-img\"  style=\"padding-top: 20px; padding-bottom: 20px; background-color: #ffffff\">\r\n                    <div class=\"fw-container\">\r\n        <div class=\"fw-row\">\n\t<div class=\"fw-col-xs-12 fw-col-lg-4 text-right\" style=\"\" >\r\n    <div class=\"ImgDiv text-center\"><img decoding=\"async\" src=\"\/\/chatwithathletes.com\/wp-content\/uploads\/2024\/01\/Episodio-5-Juan-Sebastian-Cabal.jpg\" alt=\"\/\/chatwithathletes.com\/wp-content\/uploads\/2024\/01\/Episodio-5-Juan-Sebastian-Cabal.jpg\" style=\"\" \/><\/div><\/div><div class=\"fw-col-xs-12 fw-col-lg-8 text-left\" style=\"\" >\r\n    <p class=\"commonBlock font-normal text-left\" style=\"font-weight: 300; padding-right: 10px; padding-left: 5px; margin-top: 10px; margin-bottom: 0px; \">\r\n    <a href=\"https:\/\/chatwithathletes.com\/en\/episodio-5-juan-sebastian-cabal\/\" target=\"_blank\"><h3 style=\"color:#34313f\"><u>Juan Sebasti\u00e1n Cabal<\/u><\/h3><\/a>\nToday we're joined by Juan Sebasti\u00e1n Cabal, Colombian tennis player, champion of 2\nGrand Slam tournaments in the doubles category...<\/p><div class=\"sharpshotDevider clearfix\" style=\"background: #ffffff; height: 10px; \"><\/div><\/div><\/div>\n\n<div class=\"fw-row\">\n\t<div class=\"fw-col-xs-12 fw-col-lg-10 text-left\" style=\"\" >\r\n    <div class=\"sharpshotDevider clearfix\" style=\"background: #ebebeb; height: 1px; margin-top: 10px; margin-bottom: 10px; \"><\/div><\/div><\/div>\n\n    <\/div>\r\n<\/section><section class=\"commonSection visual-episodios tam-img\"  style=\"padding-top: 20px; padding-bottom: 20px; background-color: #ffffff\">\r\n                    <div class=\"fw-container\">\r\n        <div class=\"fw-row\">\n\t<div class=\"fw-col-xs-12 fw-col-lg-4 text-right\" style=\"\" >\r\n    <div class=\"ImgDiv text-center\"><img decoding=\"async\" src=\"\/\/chatwithathletes.com\/wp-content\/uploads\/2024\/01\/Episodio-4-Pablo-Gonzalez.jpg\" alt=\"\/\/chatwithathletes.com\/wp-content\/uploads\/2024\/01\/Episodio-4-Pablo-Gonzalez.jpg\" style=\"\" \/><\/div><\/div><div class=\"fw-col-xs-12 fw-col-lg-8 text-left\" style=\"\" >\r\n    <p class=\"commonBlock font-normal text-left\" style=\"font-weight: 300; padding-right: 10px; padding-left: 5px; margin-top: 10px; margin-bottom: 0px; \">\r\n    <a href=\"https:\/\/chatwithathletes.com\/en\/episodio-4-pablo-gonzalez\/\" target=\"_blank\"><h3 style=\"color:#34313f\"><u>Pablo Gonz\u00e1lez<\/u><\/h3><\/a>\nOur episode today features former professional tennis player and great friend Pablo\nGonz\u00e1lez, or \"Pats\" as we affectionately call him in the tennis world...<\/p><div class=\"sharpshotDevider clearfix\" style=\"background: #ffffff; height: 10px; \"><\/div><\/div><\/div>\n\n<div class=\"fw-row\">\n\t<div class=\"fw-col-xs-12 fw-col-lg-10 text-left\" style=\"\" >\r\n    <div class=\"sharpshotDevider clearfix\" style=\"background: #ebebeb; height: 1px; margin-top: 10px; margin-bottom: 10px; \"><\/div><\/div><\/div>\n\n    <\/div>\r\n<\/section><section class=\"commonSection visual-episodios tam-img\"  style=\"padding-top: 20px; padding-bottom: 20px; background-color: #ffffff\">\r\n                    <div class=\"fw-container\">\r\n        <div class=\"fw-row\">\n\t<div class=\"fw-col-xs-12 fw-col-lg-4 text-right\" style=\"\" >\r\n    <div class=\"ImgDiv text-center\"><img decoding=\"async\" src=\"\/\/chatwithathletes.com\/wp-content\/uploads\/2024\/01\/Episodio-3-Fabiola-Zuluaga.jpg\" alt=\"\/\/chatwithathletes.com\/wp-content\/uploads\/2024\/01\/Episodio-3-Fabiola-Zuluaga.jpg\" style=\"\" \/><\/div><\/div><div class=\"fw-col-xs-12 fw-col-lg-8 text-left\" style=\"\" >\r\n    <p class=\"commonBlock font-normal text-left\" style=\"font-weight: 300; padding-right: 10px; padding-left: 5px; margin-top: 10px; margin-bottom: 0px; \">\r\n    <a href=\"https:\/\/chatwithathletes.com\/en\/episodio-3-fabiola-zuluaga\/\" target=\"_blank\"><h3 style=\"color:#34313f\"><u>Fabiola Zuluaga<\/u><\/h3><\/a>\nThis time, we have the honor of having Fabiola Zuluaga, a prominent Colombian tennis\nplayer, with us...<\/p><div class=\"sharpshotDevider clearfix\" style=\"background: #ffffff; height: 10px; \"><\/div><\/div><\/div>\n\n<div class=\"fw-row\">\n\t<div class=\"fw-col-xs-12 fw-col-lg-10 text-left\" style=\"\" >\r\n    <div class=\"sharpshotDevider clearfix\" style=\"background: #ebebeb; height: 1px; margin-top: 10px; margin-bottom: 10px; \"><\/div><\/div><\/div>\n\n    <\/div>\r\n<\/section><section class=\"commonSection visual-episodios tam-img\"  style=\"padding-top: 20px; padding-bottom: 20px; background-color: #ffffff\">\r\n                    <div class=\"fw-container\">\r\n        <div class=\"fw-row\">\n\t<div class=\"fw-col-xs-12 fw-col-lg-4 text-right\" style=\"\" >\r\n    <div class=\"ImgDiv text-center\"><img decoding=\"async\" src=\"\/\/chatwithathletes.com\/wp-content\/uploads\/2024\/01\/Episodio-2-Alejandro-Falla.jpg\" alt=\"\/\/chatwithathletes.com\/wp-content\/uploads\/2024\/01\/Episodio-2-Alejandro-Falla.jpg\" style=\"\" \/><\/div><\/div><div class=\"fw-col-xs-12 fw-col-lg-8 text-left\" style=\"\" >\r\n    <p class=\"commonBlock font-normal text-left\" style=\"font-weight: 300; padding-right: 10px; padding-left: 5px; margin-top: 10px; margin-bottom: 0px; \">\r\n    <a href=\"https:\/\/chatwithathletes.com\/en\/episodio-2-alejandro-falla\/\" target=\"_blank\"><h3 style=\"color:#34313f\"><u>Alejandro Falla<\/u><\/h3><\/a>\nAlejandro Falla, former professional tennis player and current captain of the Colombian\nDavis Cup team, is the protagonist of this podcast episode...<\/p><div class=\"sharpshotDevider clearfix\" style=\"background: #ffffff; height: 10px; \"><\/div><\/div><\/div>\n\n<div class=\"fw-row\">\n\t<div class=\"fw-col-xs-12 fw-col-lg-10 text-left\" style=\"\" >\r\n    <div class=\"sharpshotDevider clearfix\" style=\"background: #ebebeb; height: 1px; margin-top: 10px; margin-bottom: 10px; \"><\/div><\/div><\/div>\n\n    <\/div>\r\n<\/section><section class=\"commonSection visual-episodios tam-img\"  style=\"padding-top: 20px; padding-bottom: 20px; background-color: #ffffff\">\r\n                    <div class=\"fw-container\">\r\n        <div class=\"fw-row\">\n\t<div class=\"fw-col-xs-12 fw-col-lg-4 text-right\" style=\"\" >\r\n    <div class=\"ImgDiv text-center\"><img decoding=\"async\" src=\"\/\/chatwithathletes.com\/wp-content\/uploads\/2024\/01\/Episodio1-Tatiana-Calderon-1.jpg\" alt=\"\/\/chatwithathletes.com\/wp-content\/uploads\/2024\/01\/Episodio1-Tatiana-Calderon-1.jpg\" style=\"\" \/><\/div><\/div><div class=\"fw-col-xs-12 fw-col-lg-8 text-left\" style=\"\" >\r\n    <p class=\"commonBlock font-normal text-left\" style=\"font-weight: 300; padding-right: 10px; padding-left: 5px; margin-top: 10px; margin-bottom: 0px; \">\r\n    <a href=\"https:\/\/chatwithathletes.com\/en\/episodio-1-tatiana-calderon\/\" target=\"_blank\"><h3 style=\"color:#34313f\"><u>Tatiana Calder\u00f3n<\/u><\/h3><\/a>\nTatiana Calder\u00f3n is a Colombian racing driver who has competed in various categories of\nspeed racing, including Formula 2 and the Japanese Super Formula...<\/p><div class=\"sharpshotDevider clearfix\" style=\"background: #ffffff; height: 10px; \"><\/div><\/div><\/div>\n\n<div class=\"fw-row\">\n\t<div class=\"fw-col-xs-12 fw-col-lg-10 text-left\" style=\"\" >\r\n    <div class=\"sharpshotDevider clearfix\" style=\"background: #ebebeb; height: 1px; margin-top: 10px; margin-bottom: 10px; \"><\/div><\/div><\/div>\n\n    <\/div>\r\n<\/section><\/p>","protected":false},"excerpt":{"rendered":"<p>Juli\u00e1n T\u00e9llez Para el episodio de hoy, nuestro invitado es Juli\u00e1n T\u00e9llez, conocido en el mundo del f\u00fatbol como &#8216;El Matador&#8217; T\u00e9llez. Juli\u00e1n no necesita presentaci\u00f3n; fue goleador&#8230; Juan Sebasti\u00e1n [&hellip;]<\/p>","protected":false},"author":1,"featured_media":0,"parent":0,"menu_order":0,"comment_status":"closed","ping_status":"closed","template":"page-templates\/full-width.php","meta":{"footnotes":""},"_links":{"self":[{"href":"https:\/\/chatwithathletes.com\/en\/wp-json\/wp\/v2\/pages\/584"}],"collection":[{"href":"https:\/\/chatwithathletes.com\/en\/wp-json\/wp\/v2\/pages"}],"about":[{"href":"https:\/\/chatwithathletes.com\/en\/wp-json\/wp\/v2\/types\/page"}],"author":[{"embeddable":true,"href":"https:\/\/chatwithathletes.com\/en\/wp-json\/wp\/v2\/users\/1"}],"replies":[{"embeddable":true,"href":"https:\/\/chatwithathletes.com\/en\/wp-json\/wp\/v2\/comments?post=584"}],"version-history":[{"count":52,"href":"https:\/\/chatwithathletes.com\/en\/wp-json\/wp\/v2\/pages\/584\/revisions"}],"predecessor-version":[{"id":800,"href":"https:\/\/chatwithathletes.com\/en\/wp-json\/wp\/v2\/pages\/584\/revisions\/800"}],"wp:attachment":[{"href":"https:\/\/chatwithathletes.com\/en\/wp-json\/wp\/v2\/media?parent=584"}],"curies":[{"name":"wp","href":"https:\/\/api.w.org\/{rel}","templated":true}]}}