{"id":627,"date":"2024-01-30T01:39:04","date_gmt":"2024-01-30T00:39:04","guid":{"rendered":"https:\/\/chatwithathletes.com\/?page_id=627"},"modified":"2024-03-05T22:44:37","modified_gmt":"2024-03-05T21:44:37","slug":"conoce-tu-anfitrion","status":"publish","type":"page","link":"https:\/\/chatwithathletes.com\/en\/conoce-tu-anfitrion\/","title":{"rendered":"MEET YOUR HOST"},"content":{"rendered":"<section class=\"commonSection\"  style=\"padding-top: 50px; padding-bottom: 67px; background-color: #000000\">\r\n                    <div class=\"fw-container\">\r\n        <div class=\"fw-row\">\n\t<div class=\"fw-col-xs-12 fw-col-lg-4 col-md-4 text-left\" style=\"padding-top: 20px; \" >\r\n    <div class=\"ImgDiv text-center\"><img decoding=\"async\" src=\"\/\/chatwithathletes.com\/wp-content\/uploads\/2024\/01\/Foto.png\" alt=\"Felipe D\u00edaz\" style=\"\" \/><\/div><\/div><div class=\"fw-col-xs-12 fw-col-lg-8 boton_lk text-left\" style=\"padding-top: 20px; \" >\r\n    <div class=\"titleHead\" style=\"\">\r\n            <h1 style=\"font-weight: 400; \">|<\/h1>\r\n                <h2 class=\"color_gray\" style=\"font-weight: 400; \">FELIPE D\u00cdAZ<\/h2>\r\n                <h2 class=\"color_white\" style=\"font-size: 35px; font-weight: 400; \">Expert in Sports Management, Creative Strategies, Tennis, and Padel Coaching<\/h2>\r\n    <\/div><div class=\"ImgDiv text-left\"><a href=\"https:\/\/www.linkedin.com\/in\/felipe-diaz-garcia-772998279\/\" target=\"_blank\" ><img decoding=\"async\" src=\"\/\/chatwithathletes.com\/wp-content\/uploads\/2024\/02\/btn_lk_2.png\" alt=\"\/\/chatwithathletes.com\/wp-content\/uploads\/2024\/02\/btn_lk_2.png\" style=\"\" \/><\/a><\/div><p class=\"commonBlock font-normal text-left\" style=\"font-weight: 300; margin-bottom: 50px; \">\r\n    Felipe D\u00edaz is a Services Administrator at the Universidad de la Sabana in Colombia with\nover 20 years of outstanding experience as a manager of sports organizations and Tennis\nDirector, making him a reference in the field of Tennis in Colombia.\n<br \/>\nHis ability to design and execute strategies for sports events, both nationally and\ninternationally, has made a significant mark in the sector.\n<br \/>\n<br \/>\nWith a remarkable track record in personnel management, Felipe has led teams of up to\n100 people, for the development of logistical activities and the impeccable organization of\nlarge-scale events. His ability to coordinate and lead teams demonstrates his skill in\nsuccessfully carrying out complex projects.\n<\/p><div class=\"sharpshotDevider clearfix\" style=\"margin-right: 30px; margin-bottom: 55px; \"><\/div><\/div><\/div>\n\n<div class=\"fw-row\">\n\t<div class=\"fw-col-xs-12 fw-col-lg-8 text-left\" style=\"\" >\r\n    <p class=\"commonBlock font-normal text-left\" style=\"font-weight: 300; margin-bottom: 50px; \">\r\n    Among Felipe&#039;s most outstanding achievements is his role as Director and Organizer of\nthe Copa Davis event during the years 2005, 2006, and 2007. Additionally, he has served\nas Manager of the Davis Cup and Billie Jean King team in away confrontations during\nthose same years, consolidating his reputation as a leader in high-competition situations.\n<br \/><br \/>\nHe has not only limited himself to the national level but has also left his mark on events of\ninternational scale, such as the 2006 Pan American Games in Cartagena, where he\nplayed a crucial role as Director and Organizer in the sport of tennis.\n<br \/><br \/>\nAs Tennis Director and coach, he has been part of the development process of important\nsports programs such as the Colombian Tennis Federation Youth Team in 2006, which\nhelped in the formation of players like Juan Carlos Spir, Eduardo Struvay, and Felipe\nMantilla among others, who played on the ATP circuit for several years. He has also\ncoached prominent professional and junior players such as Pablo Gonzalez, Sebastian\nQuintero, Felipe Mantilla, Diana Mosalve, and Gabriela Giraldo.\n<br \/><br \/>\nFelipe is a certified tennis coach by the International Tennis Federation (ITF) with ITF\nlevels 1, 2, and 3. The latter course is of high competition and he completed it with a\nscholarship from the International Olympic Solidarity in Valencia, Spain in 2021.\n<br \/><br \/>\nHe was the captain of the Junior Davis Cup team in 2009 and the under-12 selections in\n2008 and 2009 for Colombia.\n<br \/><br \/>\nAs part of his innovative vision, Felipe is the creator of the &quot;Chat with Athletes&quot; podcast, a\nspace that offers a unique perspective on the sports world and reflects his interest in\nexploring new forms of communication in the sports field.\n<br \/><br \/>\nHis deep understanding of sports management, combined with his experience as a coach,\nin leadership, and strategic execution, make Felipe D\u00edaz an ideal host for talking with\nguests from different disciplines on the podcast.\n\n<\/p><\/div><div class=\"fw-col-xs-12 fw-col-lg-4 text-left\" style=\"\" >\r\n    <div class=\"sectionTitle2 text-left\" style=\"\">\r\n        <h2 style=\"color: #ffffff; font-size: 30px; line-height: 35px; font-weight: 100; \">His most important positions have been:<\/h2>\r\n        <\/div><div class=\"singleSer col-lg-12 text-left\" style=\"\">\n                        <i style=\"\" class=\"arrow_carrot-right_alt2\"><\/i>\n                            <h3 style=\"font-size: 18px; \"><a style=\"\" href=\"\">General Manager of the Colombian Tennis Federation (2005-2007)<\/a><\/h3>\n                        \n<\/div><div class=\"singleSer col-lg-12 text-left\" style=\"\">\n                        <i style=\"\" class=\"arrow_carrot-right_alt2\"><\/i>\n                            <h3 style=\"font-size: 18px; \"><a style=\"\" href=\"\">Tennis Director at Club Los Lagartos in Bogot\u00e1 (2008-2013) (2016-2022)<\/a><\/h3>\n                        \n<\/div><div class=\"singleSer col-lg-12 text-left\" style=\"\">\n                        <i style=\"\" class=\"arrow_carrot-right_alt2\"><\/i>\n                            <h3 style=\"font-size: 18px; \"><a style=\"\" href=\"\">Tennis Director at Club Campestre de Cali (2014-2016)<\/a><\/h3>\n                        \n<\/div><div class=\"singleSer col-lg-12 text-left\" style=\"\">\n                        <i style=\"\" class=\"arrow_carrot-right_alt2\"><\/i>\n                            <h3 style=\"font-size: 18px; \"><a style=\"\" href=\"\">Tennis Director at A Star Tennis Coleshill Tennis &amp; Sports in the UK (2023 \u2013 present)<\/a><\/h3>\n                        \n<\/div><\/div><\/div>\n\n    <\/div>\r\n<\/section>","protected":false},"excerpt":{"rendered":"<p>| FELIPE D\u00cdAZ Experto en Gesti\u00f3n Deportiva, Estrategias Creativas, Entrenador de tenis y padel Felipe D\u00edaz es un administrador de Servicios de la Universidad de la Sabana en Colombia con [&hellip;]<\/p>","protected":false},"author":1,"featured_media":0,"parent":0,"menu_order":0,"comment_status":"closed","ping_status":"closed","template":"page-templates\/full-width.php","meta":{"footnotes":""},"_links":{"self":[{"href":"https:\/\/chatwithathletes.com\/en\/wp-json\/wp\/v2\/pages\/627"}],"collection":[{"href":"https:\/\/chatwithathletes.com\/en\/wp-json\/wp\/v2\/pages"}],"about":[{"href":"https:\/\/chatwithathletes.com\/en\/wp-json\/wp\/v2\/types\/page"}],"author":[{"embeddable":true,"href":"https:\/\/chatwithathletes.com\/en\/wp-json\/wp\/v2\/users\/1"}],"replies":[{"embeddable":true,"href":"https:\/\/chatwithathletes.com\/en\/wp-json\/wp\/v2\/comments?post=627"}],"version-history":[{"count":30,"href":"https:\/\/chatwithathletes.com\/en\/wp-json\/wp\/v2\/pages\/627\/revisions"}],"predecessor-version":[{"id":866,"href":"https:\/\/chatwithathletes.com\/en\/wp-json\/wp\/v2\/pages\/627\/revisions\/866"}],"wp:attachment":[{"href":"https:\/\/chatwithathletes.com\/en\/wp-json\/wp\/v2\/media?parent=627"}],"curies":[{"name":"wp","href":"https:\/\/api.w.org\/{rel}","templated":true}]}}