{"id":754,"date":"2024-02-03T01:04:46","date_gmt":"2024-02-03T00:04:46","guid":{"rendered":"https:\/\/chatwithathletes.com\/?page_id=754"},"modified":"2024-02-14T02:29:50","modified_gmt":"2024-02-14T01:29:50","slug":"episodio-6-julian-tellez","status":"publish","type":"page","link":"https:\/\/chatwithathletes.com\/en\/episodio-6-julian-tellez\/","title":{"rendered":"EPISODIO 6 Juli\u00e1n Tellez"},"content":{"rendered":"<section class=\"commonSection\"  style=\"padding-top: 20px; padding-bottom: 20px; background-color: #ffffff\">\r\n                    <div class=\"fw-container\">\r\n        <div class=\"fw-row\">\n\t<div class=\"fw-col-xs-12 fw-col-lg-4 text-right\" style=\"\" >\r\n    <div class=\"ImgDiv text-center\"><img decoding=\"async\" src=\"\/\/chatwithathletes.com\/wp-content\/uploads\/2024\/01\/Episodio-6-Julian-Tellez.jpg\" alt=\"\/\/chatwithathletes.com\/wp-content\/uploads\/2024\/01\/Episodio-6-Julian-Tellez.jpg\" style=\"\" \/><\/div><\/div><div class=\"fw-col-xs-12 fw-col-lg-8 tam-img text-left\" style=\"padding-top: 20px; \" >\r\n    <p class=\"commonBlock font-normal text-left\" style=\"font-weight: 300; padding-right: 10px; padding-left: 5px; margin-top: 10px; margin-bottom: 0px; \">\r\n    For today's episode, our guest is Juli\u00e1n T\u00e9llez, known in the football world as 'El Matador'\nT\u00e9llez. Juli\u00e1n needs no introduction; he was a goal scorer and a star at Am\u00e9rica de Cali.\nHe played for Atl\u00e9tico Bucaramanga, Millonarios, Deportivo Cali, Deportes Tolima, V\u00e9lez Sarsfield in Argentina, and, of course, for the Colombia National Team. Practically in every\nteam, he was always present with goals, earning him the nickname 'Matador'. Nowadays,\nhe works as a football commentator for the Win Sports channel.\n<br><br>\nWhile sporting achievements are important, in this interview, as always, we&#039;ll talk about\nthings that, in my opinion, are much more important: his beginnings, sacrifices, anecdotes,\nand experiences. How was that process?\n<br><br>\nJuli\u00e1n will share with us the importance of family support and working hard for dreams, no\nmatter the obstacles that arise. In the end, he&#039;ll leave us with a crucial message for\nparents, players, and coaches.\n<br><br>\nIn summary, it&#039;s a great life story. I hope you enjoy and learn from this episode.<\/p><div class=\"sharpshotDevider clearfix\" style=\"background: #ffffff; height: 20px; \"><\/div><div class=\"singleSer col-lg-12 text-left\" style=\"\">\n                        <i style=\"font-size: 35px; color: #0046b0; \" class=\"social_spotify\"><\/i>\n                            <h3 style=\"font-size: 20px; \"><a style=\"color: #0046b0; \" href=\"https:\/\/open.spotify.com\/episode\/5ovTOduh2H6wiLvbsk85pp?si=5cfad2bd900f43fb\">LISTEN ON SPOTIFY<\/a><\/h3>\n                        \n<\/div><\/div><\/div>\n\n<div class=\"fw-row\">\n\t<div class=\"fw-col-xs-12 fw-col-lg-10 text-left\" style=\"\" >\r\n    <div class=\"sharpshotDevider clearfix\" style=\"background: #ebebeb; height: 1px; margin-top: 10px; margin-bottom: 10px; \"><\/div><\/div><\/div>\n\n    <\/div>\r\n<\/section>","protected":false},"excerpt":{"rendered":"<p>Para el episodio de hoy, nuestro invitado es Juli\u00e1n T\u00e9llez, conocido en el mundo del f\u00fatbol como &#8216;El Matador&#8217; T\u00e9llez. Juli\u00e1n no necesita presentaci\u00f3n; fue goleador y una estrella en [&hellip;]<\/p>","protected":false},"author":1,"featured_media":0,"parent":0,"menu_order":0,"comment_status":"closed","ping_status":"closed","template":"page-templates\/full-width.php","meta":{"footnotes":""},"_links":{"self":[{"href":"https:\/\/chatwithathletes.com\/en\/wp-json\/wp\/v2\/pages\/754"}],"collection":[{"href":"https:\/\/chatwithathletes.com\/en\/wp-json\/wp\/v2\/pages"}],"about":[{"href":"https:\/\/chatwithathletes.com\/en\/wp-json\/wp\/v2\/types\/page"}],"author":[{"embeddable":true,"href":"https:\/\/chatwithathletes.com\/en\/wp-json\/wp\/v2\/users\/1"}],"replies":[{"embeddable":true,"href":"https:\/\/chatwithathletes.com\/en\/wp-json\/wp\/v2\/comments?post=754"}],"version-history":[{"count":12,"href":"https:\/\/chatwithathletes.com\/en\/wp-json\/wp\/v2\/pages\/754\/revisions"}],"predecessor-version":[{"id":865,"href":"https:\/\/chatwithathletes.com\/en\/wp-json\/wp\/v2\/pages\/754\/revisions\/865"}],"wp:attachment":[{"href":"https:\/\/chatwithathletes.com\/en\/wp-json\/wp\/v2\/media?parent=754"}],"curies":[{"name":"wp","href":"https:\/\/api.w.org\/{rel}","templated":true}]}}