{"id":766,"date":"2024-02-03T01:23:53","date_gmt":"2024-02-03T00:23:53","guid":{"rendered":"https:\/\/chatwithathletes.com\/?page_id=766"},"modified":"2024-02-14T02:28:24","modified_gmt":"2024-02-14T01:28:24","slug":"episodio-5-juan-sebastian-cabal","status":"publish","type":"page","link":"https:\/\/chatwithathletes.com\/en\/episodio-5-juan-sebastian-cabal\/","title":{"rendered":"EPISODIO 5 Juan Sebasti\u00e1n Cabal"},"content":{"rendered":"<section class=\"commonSection\"  style=\"padding-top: 20px; padding-bottom: 20px; background-color: #ffffff\">\r\n                    <div class=\"fw-container\">\r\n        <div class=\"fw-row\">\n\t<div class=\"fw-col-xs-12 fw-col-lg-4 text-right\" style=\"\" >\r\n    <div class=\"ImgDiv text-center\"><img decoding=\"async\" src=\"\/\/chatwithathletes.com\/wp-content\/uploads\/2024\/01\/Episodio-5-Juan-Sebastian-Cabal.jpg\" alt=\"\/\/chatwithathletes.com\/wp-content\/uploads\/2024\/01\/Episodio-5-Juan-Sebastian-Cabal.jpg\" style=\"\" \/><\/div><\/div><div class=\"fw-col-xs-12 fw-col-lg-8 tam-img text-left\" style=\"padding-top: 20px; \" >\r\n    <p class=\"commonBlock font-normal text-left\" style=\"font-weight: 300; padding-right: 10px; padding-left: 5px; margin-top: 10px; margin-bottom: 0px; \">\r\n    Today we&#039;re joined by Juan Sebasti\u00e1n Cabal, Colombian tennis player, champion of 2\nGrand Slam tournaments in the doubles category: Wimbledon and the US Open in 2019.\nAdditionally, he reached the #1 spot in the world rankings alongside his partner Robert\nFarah.\n<br><br>\nJuan Sebasti\u00e1n&#039;s sporting achievements are impressive. He tells us how from childhood,\nat the Tequendama Club in Cali, tennis was always a game filled with fun and little\npressure for results. He also shares how later in his career he needed a lot of effort and\nperseverance to overcome two knee surgeries and poor results.\n<br><br>\nWe don&#039;t always have the opportunity to speak with the #1 in the world, so enjoy and learn\nfrom this great episode.<\/p><div class=\"sharpshotDevider clearfix\" style=\"background: #ffffff; height: 20px; \"><\/div><div class=\"singleSer col-lg-12 text-left\" style=\"\">\n                        <i style=\"font-size: 35px; color: #0046b0; \" class=\"social_spotify\"><\/i>\n                            <h3 style=\"font-size: 20px; \"><a style=\"color: #0046b0; \" href=\"https:\/\/open.spotify.com\/episode\/3M2MYJWLXZd0ALP2iEk0EK\">LISTEN ON SPOTIFY<\/a><\/h3>\n                        \n<\/div><\/div><\/div>\n\n<div class=\"fw-row\">\n\t<div class=\"fw-col-xs-12 fw-col-lg-10 text-left\" style=\"\" >\r\n    <div class=\"sharpshotDevider clearfix\" style=\"background: #ebebeb; height: 1px; margin-top: 10px; margin-bottom: 10px; \"><\/div><\/div><\/div>\n\n    <\/div>\r\n<\/section>","protected":false},"excerpt":{"rendered":"<p>Hoy nos acompa\u00f1a Juan Sebasti\u00e1n Cabal, tenista colombiano, campe\u00f3n de 2 torneos de Grand Slam en la modalidad de dobles: Wimbledon y el Abierto de Estados Unidos en el 2019. [&hellip;]<\/p>","protected":false},"author":1,"featured_media":0,"parent":0,"menu_order":0,"comment_status":"closed","ping_status":"closed","template":"page-templates\/full-width.php","meta":{"footnotes":""},"_links":{"self":[{"href":"https:\/\/chatwithathletes.com\/en\/wp-json\/wp\/v2\/pages\/766"}],"collection":[{"href":"https:\/\/chatwithathletes.com\/en\/wp-json\/wp\/v2\/pages"}],"about":[{"href":"https:\/\/chatwithathletes.com\/en\/wp-json\/wp\/v2\/types\/page"}],"author":[{"embeddable":true,"href":"https:\/\/chatwithathletes.com\/en\/wp-json\/wp\/v2\/users\/1"}],"replies":[{"embeddable":true,"href":"https:\/\/chatwithathletes.com\/en\/wp-json\/wp\/v2\/comments?post=766"}],"version-history":[{"count":3,"href":"https:\/\/chatwithathletes.com\/en\/wp-json\/wp\/v2\/pages\/766\/revisions"}],"predecessor-version":[{"id":863,"href":"https:\/\/chatwithathletes.com\/en\/wp-json\/wp\/v2\/pages\/766\/revisions\/863"}],"wp:attachment":[{"href":"https:\/\/chatwithathletes.com\/en\/wp-json\/wp\/v2\/media?parent=766"}],"curies":[{"name":"wp","href":"https:\/\/api.w.org\/{rel}","templated":true}]}}