{"id":773,"date":"2024-02-03T01:42:55","date_gmt":"2024-02-03T00:42:55","guid":{"rendered":"https:\/\/chatwithathletes.com\/?page_id=773"},"modified":"2024-02-14T02:24:02","modified_gmt":"2024-02-14T01:24:02","slug":"episodio-2-alejandro-falla","status":"publish","type":"page","link":"https:\/\/chatwithathletes.com\/en\/episodio-2-alejandro-falla\/","title":{"rendered":"EPISODIO 2 Alejandro Falla"},"content":{"rendered":"<section class=\"commonSection\"  style=\"padding-top: 20px; padding-bottom: 20px; background-color: #ffffff\">\r\n                    <div class=\"fw-container\">\r\n        <div class=\"fw-row\">\n\t<div class=\"fw-col-xs-12 fw-col-lg-4 text-right\" style=\"\" >\r\n    <div class=\"ImgDiv text-center\"><img decoding=\"async\" src=\"\/\/chatwithathletes.com\/wp-content\/uploads\/2024\/01\/Episodio-2-Alejandro-Falla.jpg\" alt=\"\/\/chatwithathletes.com\/wp-content\/uploads\/2024\/01\/Episodio-2-Alejandro-Falla.jpg\" style=\"\" \/><\/div><\/div><div class=\"fw-col-xs-12 fw-col-lg-8 tam-img text-left\" style=\"padding-top: 20px; \" >\r\n    <p class=\"commonBlock font-normal text-left\" style=\"font-weight: 300; padding-right: 10px; padding-left: 5px; margin-top: 10px; margin-bottom: 0px; \">\r\n    Alejandro Falla, former professional tennis player and current captain of the Colombian\nDavis Cup team, is the protagonist of this podcast episode.\n<br><br>\nHis highest ATP ranking was number 48 in the world in singles. Additionally, he was a\nfinalist in two 250 tournaments: in 2013 in Bogot\u00e1 and in 2014 in Halle. In the latter, he\nfaced Roger Federer in the final, losing 7-6 and 7-6. Falla was also part of the Colombian\nDavis Cup team for 14 consecutive years.\n<br><br>\nAlejandro Falla&#039;s career, full of achievements and successes, invites us to reflect on the\nimportance of dreaming big. That&#039;s why we have the honor of having him as a special\nguest in this episode.<\/p><div class=\"sharpshotDevider clearfix\" style=\"background: #ffffff; height: 20px; \"><\/div><div class=\"singleSer col-lg-12 text-left\" style=\"\">\n                        <i style=\"font-size: 35px; color: #0046b0; \" class=\"social_spotify\"><\/i>\n                            <h3 style=\"font-size: 20px; \"><a style=\"color: #0046b0; \" href=\"https:\/\/open.spotify.com\/episode\/4SBl0oeCxKMT2HlDyQuHyD\">LISTEN ON SPOTIFY<\/a><\/h3>\n                        \n<\/div><\/div><\/div>\n\n<div class=\"fw-row\">\n\t<div class=\"fw-col-xs-12 fw-col-lg-10 text-left\" style=\"\" >\r\n    <div class=\"sharpshotDevider clearfix\" style=\"background: #ebebeb; height: 1px; margin-top: 10px; margin-bottom: 10px; \"><\/div><\/div><\/div>\n\n    <\/div>\r\n<\/section>","protected":false},"excerpt":{"rendered":"<p>Alejandro Falla, ex tenista profesional y actual capit\u00e1n del equipo de Copa Davis de Colombia, es el protagonista de este cap\u00edtulo del podcast. Su mejor ranking ATP fue el n\u00famero [&hellip;]<\/p>","protected":false},"author":1,"featured_media":0,"parent":0,"menu_order":0,"comment_status":"closed","ping_status":"closed","template":"page-templates\/full-width.php","meta":{"footnotes":""},"_links":{"self":[{"href":"https:\/\/chatwithathletes.com\/en\/wp-json\/wp\/v2\/pages\/773"}],"collection":[{"href":"https:\/\/chatwithathletes.com\/en\/wp-json\/wp\/v2\/pages"}],"about":[{"href":"https:\/\/chatwithathletes.com\/en\/wp-json\/wp\/v2\/types\/page"}],"author":[{"embeddable":true,"href":"https:\/\/chatwithathletes.com\/en\/wp-json\/wp\/v2\/users\/1"}],"replies":[{"embeddable":true,"href":"https:\/\/chatwithathletes.com\/en\/wp-json\/wp\/v2\/comments?post=773"}],"version-history":[{"count":3,"href":"https:\/\/chatwithathletes.com\/en\/wp-json\/wp\/v2\/pages\/773\/revisions"}],"predecessor-version":[{"id":858,"href":"https:\/\/chatwithathletes.com\/en\/wp-json\/wp\/v2\/pages\/773\/revisions\/858"}],"wp:attachment":[{"href":"https:\/\/chatwithathletes.com\/en\/wp-json\/wp\/v2\/media?parent=773"}],"curies":[{"name":"wp","href":"https:\/\/api.w.org\/{rel}","templated":true}]}}