{"id":775,"date":"2024-02-03T01:45:44","date_gmt":"2024-02-03T00:45:44","guid":{"rendered":"https:\/\/chatwithathletes.com\/?page_id=775"},"modified":"2024-02-14T02:21:56","modified_gmt":"2024-02-14T01:21:56","slug":"episodio-1-tatiana-calderon","status":"publish","type":"page","link":"https:\/\/chatwithathletes.com\/en\/episodio-1-tatiana-calderon\/","title":{"rendered":"EPISODIO 1 Tatiana Calder\u00f3n"},"content":{"rendered":"<section class=\"commonSection\"  style=\"padding-top: 20px; padding-bottom: 20px; background-color: #ffffff\">\r\n                    <div class=\"fw-container\">\r\n        <div class=\"fw-row\">\n\t<div class=\"fw-col-xs-12 fw-col-lg-4 text-right\" style=\"\" >\r\n    <div class=\"ImgDiv text-center\"><img decoding=\"async\" src=\"\/\/chatwithathletes.com\/wp-content\/uploads\/2024\/01\/Episodio1-Tatiana-Calderon-1.jpg\" alt=\"\/\/chatwithathletes.com\/wp-content\/uploads\/2024\/01\/Episodio1-Tatiana-Calderon-1.jpg\" style=\"\" \/><\/div><\/div><div class=\"fw-col-xs-12 fw-col-lg-8 tam-img text-left\" style=\"padding-top: 20px; \" >\r\n    <p class=\"commonBlock font-normal text-left\" style=\"font-weight: 300; padding-right: 10px; padding-left: 5px; margin-top: 10px; margin-bottom: 0px; \">\r\n    From a recreational karting track to professional motorsport!\n<br><br>\nTatiana Calder\u00f3n is a Colombian racing driver who has competed in various categories of\nspeed racing, including Formula 2 and the Japanese Super Formula. She is the first Latin\nAmerican woman to race in Formula 1, having been a test driver for the Alfa Romeo\nRacing team in 2018 and 2019. Tatiana is an inspiration for women and young people\ninterested in the world of motorsport, and an example of perseverance and dedication in a\nsport historically dominated by men.<\/p><div class=\"sharpshotDevider clearfix\" style=\"background: #ffffff; height: 20px; \"><\/div><div class=\"singleSer col-lg-12 text-left\" style=\"\">\n                        <i style=\"font-size: 35px; color: #0046b0; \" class=\"social_spotify\"><\/i>\n                            <h3 style=\"font-size: 20px; \"><a style=\"color: #0046b0; \" href=\"https:\/\/open.spotify.com\/episode\/6K8uTgFXdirwHJwKd8f1B4\">LISTEN ON SPOTIFY<\/a><\/h3>\n                        \n<\/div><\/div><\/div>\n\n<div class=\"fw-row\">\n\t<div class=\"fw-col-xs-12 fw-col-lg-10 text-left\" style=\"\" >\r\n    <div class=\"sharpshotDevider clearfix\" style=\"background: #ebebeb; height: 1px; margin-top: 10px; margin-bottom: 10px; \"><\/div><\/div><\/div>\n\n    <\/div>\r\n<\/section>","protected":false},"excerpt":{"rendered":"<p>De una pista recreativa de karts al automovilismo profesional!!!! Tatiana Calder\u00f3n es una piloto de automovilismo colombiana, que ha competido en diferentes categor\u00edas de carreras de velocidad, incluyendo la F\u00f3rmula [&hellip;]<\/p>","protected":false},"author":1,"featured_media":0,"parent":0,"menu_order":0,"comment_status":"closed","ping_status":"closed","template":"page-templates\/full-width.php","meta":{"footnotes":""},"_links":{"self":[{"href":"https:\/\/chatwithathletes.com\/en\/wp-json\/wp\/v2\/pages\/775"}],"collection":[{"href":"https:\/\/chatwithathletes.com\/en\/wp-json\/wp\/v2\/pages"}],"about":[{"href":"https:\/\/chatwithathletes.com\/en\/wp-json\/wp\/v2\/types\/page"}],"author":[{"embeddable":true,"href":"https:\/\/chatwithathletes.com\/en\/wp-json\/wp\/v2\/users\/1"}],"replies":[{"embeddable":true,"href":"https:\/\/chatwithathletes.com\/en\/wp-json\/wp\/v2\/comments?post=775"}],"version-history":[{"count":3,"href":"https:\/\/chatwithathletes.com\/en\/wp-json\/wp\/v2\/pages\/775\/revisions"}],"predecessor-version":[{"id":856,"href":"https:\/\/chatwithathletes.com\/en\/wp-json\/wp\/v2\/pages\/775\/revisions\/856"}],"wp:attachment":[{"href":"https:\/\/chatwithathletes.com\/en\/wp-json\/wp\/v2\/media?parent=775"}],"curies":[{"name":"wp","href":"https:\/\/api.w.org\/{rel}","templated":true}]}}